{"id":624,"date":"2018-10-09T09:17:55","date_gmt":"2018-10-09T09:17:55","guid":{"rendered":"https:\/\/rrdc.com.ec\/bamboogardens\/?page_id=624"},"modified":"2023-07-05T03:17:05","modified_gmt":"2023-07-05T03:17:05","slug":"modelo","status":"publish","type":"page","link":"https:\/\/rrdc.com.ec\/bamboogardens\/modelo\/","title":{"rendered":"Casa Modelo"},"content":{"rendered":"\t\t<div data-elementor-type=\"wp-post\" data-elementor-id=\"624\" class=\"elementor elementor-624\">\n\t\t\t\t\t\t<section class=\"elementor-section elementor-top-section elementor-element elementor-element-408d895d elementor-section-boxed elementor-section-height-default elementor-section-height-default\" data-id=\"408d895d\" data-element_type=\"section\" data-e-type=\"section\" data-settings=\"{&quot;background_background&quot;:&quot;gradient&quot;}\">\n\t\t\t\t\t\t<div class=\"elementor-container elementor-column-gap-no\">\n\t\t\t\t\t<div class=\"elementor-column elementor-col-100 elementor-top-column elementor-element elementor-element-4fed6c40\" data-id=\"4fed6c40\" data-element_type=\"column\" data-e-type=\"column\">\n\t\t\t<div class=\"elementor-widget-wrap elementor-element-populated\">\n\t\t\t\t\t\t<div class=\"elementor-element elementor-element-c223367 elementor-widget elementor-widget-spacer\" data-id=\"c223367\" data-element_type=\"widget\" data-e-type=\"widget\" data-widget_type=\"spacer.default\">\n\t\t\t\t<div class=\"elementor-widget-container\">\n\t\t\t\t\t\t\t<div class=\"elementor-spacer\">\n\t\t\t<div class=\"elementor-spacer-inner\"><\/div>\n\t\t<\/div>\n\t\t\t\t\t\t<\/div>\n\t\t\t\t<\/div>\n\t\t\t\t<div class=\"elementor-element elementor-element-e53c4d5 elementor-widget elementor-widget-spacer\" data-id=\"e53c4d5\" data-element_type=\"widget\" data-e-type=\"widget\" data-widget_type=\"spacer.default\">\n\t\t\t\t<div class=\"elementor-widget-container\">\n\t\t\t\t\t\t\t<div class=\"elementor-spacer\">\n\t\t\t<div class=\"elementor-spacer-inner\"><\/div>\n\t\t<\/div>\n\t\t\t\t\t\t<\/div>\n\t\t\t\t<\/div>\n\t\t\t\t<div class=\"elementor-element elementor-element-47ebe55 elementor-widget elementor-widget-heading\" data-id=\"47ebe55\" data-element_type=\"widget\" data-e-type=\"widget\" data-widget_type=\"heading.default\">\n\t\t\t\t<div class=\"elementor-widget-container\">\n\t\t\t\t\t<h1 class=\"elementor-heading-title elementor-size-default\">visita la casa modelo<\/h1>\t\t\t\t<\/div>\n\t\t\t\t<\/div>\n\t\t\t\t\t<\/div>\n\t\t<\/div>\n\t\t\t\t\t<\/div>\n\t\t<\/section>\n\t\t\t\t<section class=\"elementor-section elementor-top-section elementor-element elementor-element-4e377101 elementor-section-boxed elementor-section-height-default elementor-section-height-default\" data-id=\"4e377101\" data-element_type=\"section\" data-e-type=\"section\" data-settings=\"{&quot;background_background&quot;:&quot;classic&quot;}\">\n\t\t\t\t\t\t<div class=\"elementor-container elementor-column-gap-no\">\n\t\t\t\t\t<div class=\"elementor-column elementor-col-33 elementor-top-column elementor-element elementor-element-16a2b93d\" data-id=\"16a2b93d\" data-element_type=\"column\" data-e-type=\"column\">\n\t\t\t<div class=\"elementor-widget-wrap elementor-element-populated\">\n\t\t\t\t\t\t<div class=\"elementor-element elementor-element-3192aba elementor-widget elementor-widget-spacer\" data-id=\"3192aba\" data-element_type=\"widget\" data-e-type=\"widget\" data-widget_type=\"spacer.default\">\n\t\t\t\t<div class=\"elementor-widget-container\">\n\t\t\t\t\t\t\t<div class=\"elementor-spacer\">\n\t\t\t<div class=\"elementor-spacer-inner\"><\/div>\n\t\t<\/div>\n\t\t\t\t\t\t<\/div>\n\t\t\t\t<\/div>\n\t\t\t\t<div class=\"elementor-element elementor-element-7238a54c elementor-widget elementor-widget-heading\" data-id=\"7238a54c\" data-element_type=\"widget\" data-e-type=\"widget\" data-widget_type=\"heading.default\">\n\t\t\t\t<div class=\"elementor-widget-container\">\n\t\t\t\t\t<h5 class=\"elementor-heading-title elementor-size-default\">Te esperamos<\/h5>\t\t\t\t<\/div>\n\t\t\t\t<\/div>\n\t\t\t\t<div class=\"elementor-element elementor-element-17c34d7f elementor-widget elementor-widget-heading\" data-id=\"17c34d7f\" data-element_type=\"widget\" data-e-type=\"widget\" data-widget_type=\"heading.default\">\n\t\t\t\t<div class=\"elementor-widget-container\">\n\t\t\t\t\t<h2 class=\"elementor-heading-title elementor-size-default\">Haz un recorrido por sus c\u00f3modos ambientes<\/h2>\t\t\t\t<\/div>\n\t\t\t\t<\/div>\n\t\t\t\t<div class=\"elementor-element elementor-element-72797102 elementor-widget-divider--view-line elementor-widget elementor-widget-divider\" data-id=\"72797102\" data-element_type=\"widget\" data-e-type=\"widget\" data-widget_type=\"divider.default\">\n\t\t\t\t<div class=\"elementor-widget-container\">\n\t\t\t\t\t\t\t<div class=\"elementor-divider\">\n\t\t\t<span class=\"elementor-divider-separator\">\n\t\t\t\t\t\t<\/span>\n\t\t<\/div>\n\t\t\t\t\t\t<\/div>\n\t\t\t\t<\/div>\n\t\t\t\t\t<\/div>\n\t\t<\/div>\n\t\t\t\t<div class=\"elementor-column elementor-col-66 elementor-top-column elementor-element elementor-element-75007e6\" data-id=\"75007e6\" data-element_type=\"column\" data-e-type=\"column\">\n\t\t\t<div class=\"elementor-widget-wrap elementor-element-populated\">\n\t\t\t\t\t\t<div class=\"elementor-element elementor-element-64dbe10e elementor-widget elementor-widget-text-editor\" data-id=\"64dbe10e\" data-element_type=\"widget\" data-e-type=\"widget\" data-widget_type=\"text-editor.default\">\n\t\t\t\t<div class=\"elementor-widget-container\">\n\t\t\t\t\t\t\t\t\t<p>Estructura sismo &#8211; resistente<\/p>\n<p>Cielos razos de gypsum<\/p>\n<p>Pisos de cer\u00e1mica en \u00e1reas sociales, cocina, halls, gradas, dormitorios y ba\u00f1os<\/p>\n<p>Grifer\u00eda para lavaplatos, lavamanos, y duchas marca Edesa o similar<\/p>\n<p>Muebles de cocina y cl\u00f3sets en dise\u00f1os vanguardistas<\/p>\n<p>Instalaciones de agua fr\u00eda y caliente con sistema de termo fusi\u00f3n<\/p>\n<p>Infraestructura para instalaciones de televisi\u00f3n por cable e Internet<\/p>\t\t\t\t\t\t\t\t<\/div>\n\t\t\t\t<\/div>\n\t\t\t\t\t<\/div>\n\t\t<\/div>\n\t\t\t\t\t<\/div>\n\t\t<\/section>\n\t\t\t\t<section class=\"elementor-section elementor-top-section elementor-element elementor-element-3c20ab4f elementor-section-full_width elementor-section-content-middle elementor-section-height-default elementor-section-height-default\" data-id=\"3c20ab4f\" data-element_type=\"section\" data-e-type=\"section\">\n\t\t\t\t\t\t<div class=\"elementor-container elementor-column-gap-no\">\n\t\t\t\t\t<div class=\"elementor-column elementor-col-100 elementor-top-column elementor-element elementor-element-38e9a89a\" data-id=\"38e9a89a\" data-element_type=\"column\" data-e-type=\"column\">\n\t\t\t<div class=\"elementor-widget-wrap elementor-element-populated\">\n\t\t\t\t\t\t<div class=\"elementor-element elementor-element-26c3e5d1 gallery-spacing-custom elementor-widget elementor-widget-image-gallery\" data-id=\"26c3e5d1\" data-element_type=\"widget\" data-e-type=\"widget\" data-widget_type=\"image-gallery.default\">\n\t\t\t\t<div class=\"elementor-widget-container\">\n\t\t\t\t\t\t\t<div class=\"elementor-image-gallery\">\n\t\t\t<div id='gallery-1' class='gallery galleryid-624 gallery-columns-3 gallery-size-full'><figure class='gallery-item'>\n\t\t\t<div class='gallery-icon landscape'>\n\t\t\t\t<a data-elementor-open-lightbox=\"yes\" data-elementor-lightbox-slideshow=\"26c3e5d1\" data-elementor-lightbox-title=\"IMG_7159\" data-e-action-hash=\"#elementor-action%3Aaction%3Dlightbox%26settings%3DeyJpZCI6MTQ4NCwidXJsIjoiaHR0cHM6XC9cL3JyZGMuY29tLmVjXC9iYW1ib29nYXJkZW5zXC93cC1jb250ZW50XC91cGxvYWRzXC8yMDIyXC8wM1wvSU1HXzcxNTkuanBnIiwic2xpZGVzaG93IjoiMjZjM2U1ZDEifQ%3D%3D\" href='https:\/\/rrdc.com.ec\/bamboogardens\/wp-content\/uploads\/2022\/03\/IMG_7159.jpg'><img fetchpriority=\"high\" decoding=\"async\" width=\"640\" height=\"480\" src=\"https:\/\/rrdc.com.ec\/bamboogardens\/wp-content\/uploads\/2022\/03\/IMG_7159.jpg\" class=\"attachment-full size-full\" alt=\"\" aria-describedby=\"gallery-1-1484\" srcset=\"https:\/\/rrdc.com.ec\/bamboogardens\/wp-content\/uploads\/2022\/03\/IMG_7159.jpg 640w, https:\/\/rrdc.com.ec\/bamboogardens\/wp-content\/uploads\/2022\/03\/IMG_7159-300x225.jpg 300w\" sizes=\"(max-width: 640px) 100vw, 640px\" \/><\/a>\n\t\t\t<\/div>\n\t\t\t\t<figcaption class='wp-caption-text gallery-caption' id='gallery-1-1484'>\n\t\t\t\tC\u00f3moda Sala &#8211; Comedor\n\t\t\t\t<\/figcaption><\/figure><figure class='gallery-item'>\n\t\t\t<div class='gallery-icon landscape'>\n\t\t\t\t<a data-elementor-open-lightbox=\"yes\" data-elementor-lightbox-slideshow=\"26c3e5d1\" data-elementor-lightbox-title=\"IMG_7156\" data-e-action-hash=\"#elementor-action%3Aaction%3Dlightbox%26settings%3DeyJpZCI6MTQ4NSwidXJsIjoiaHR0cHM6XC9cL3JyZGMuY29tLmVjXC9iYW1ib29nYXJkZW5zXC93cC1jb250ZW50XC91cGxvYWRzXC8yMDIyXC8wM1wvSU1HXzcxNTYuanBnIiwic2xpZGVzaG93IjoiMjZjM2U1ZDEifQ%3D%3D\" href='https:\/\/rrdc.com.ec\/bamboogardens\/wp-content\/uploads\/2022\/03\/IMG_7156.jpg'><img decoding=\"async\" width=\"640\" height=\"480\" src=\"https:\/\/rrdc.com.ec\/bamboogardens\/wp-content\/uploads\/2022\/03\/IMG_7156.jpg\" class=\"attachment-full size-full\" alt=\"\" aria-describedby=\"gallery-1-1485\" srcset=\"https:\/\/rrdc.com.ec\/bamboogardens\/wp-content\/uploads\/2022\/03\/IMG_7156.jpg 640w, https:\/\/rrdc.com.ec\/bamboogardens\/wp-content\/uploads\/2022\/03\/IMG_7156-300x225.jpg 300w\" sizes=\"(max-width: 640px) 100vw, 640px\" \/><\/a>\n\t\t\t<\/div>\n\t\t\t\t<figcaption class='wp-caption-text gallery-caption' id='gallery-1-1485'>\n\t\t\t\tSalida a Patio Interno desde Comedor y Cocina\n\t\t\t\t<\/figcaption><\/figure><figure class='gallery-item'>\n\t\t\t<div class='gallery-icon landscape'>\n\t\t\t\t<a data-elementor-open-lightbox=\"yes\" data-elementor-lightbox-slideshow=\"26c3e5d1\" data-elementor-lightbox-title=\"IMG_7155\" data-e-action-hash=\"#elementor-action%3Aaction%3Dlightbox%26settings%3DeyJpZCI6MTQ4OSwidXJsIjoiaHR0cHM6XC9cL3JyZGMuY29tLmVjXC9iYW1ib29nYXJkZW5zXC93cC1jb250ZW50XC91cGxvYWRzXC8yMDIyXC8wM1wvSU1HXzcxNTUuanBnIiwic2xpZGVzaG93IjoiMjZjM2U1ZDEifQ%3D%3D\" href='https:\/\/rrdc.com.ec\/bamboogardens\/wp-content\/uploads\/2022\/03\/IMG_7155.jpg'><img decoding=\"async\" width=\"640\" height=\"480\" src=\"https:\/\/rrdc.com.ec\/bamboogardens\/wp-content\/uploads\/2022\/03\/IMG_7155.jpg\" class=\"attachment-full size-full\" alt=\"\" aria-describedby=\"gallery-1-1489\" srcset=\"https:\/\/rrdc.com.ec\/bamboogardens\/wp-content\/uploads\/2022\/03\/IMG_7155.jpg 640w, https:\/\/rrdc.com.ec\/bamboogardens\/wp-content\/uploads\/2022\/03\/IMG_7155-300x225.jpg 300w\" sizes=\"(max-width: 640px) 100vw, 640px\" \/><\/a>\n\t\t\t<\/div>\n\t\t\t\t<figcaption class='wp-caption-text gallery-caption' id='gallery-1-1489'>\n\t\t\t\tDispone de Ba\u00f1o Social\n\t\t\t\t<\/figcaption><\/figure><figure class='gallery-item'>\n\t\t\t<div class='gallery-icon landscape'>\n\t\t\t\t<a data-elementor-open-lightbox=\"yes\" data-elementor-lightbox-slideshow=\"26c3e5d1\" data-elementor-lightbox-title=\"baja800_IMG_7150\" data-e-action-hash=\"#elementor-action%3Aaction%3Dlightbox%26settings%3DeyJpZCI6MTUxNiwidXJsIjoiaHR0cHM6XC9cL3JyZGMuY29tLmVjXC9iYW1ib29nYXJkZW5zXC93cC1jb250ZW50XC91cGxvYWRzXC8yMDIyXC8wM1wvYmFqYTgwMF9JTUdfNzE1MC5qcGciLCJzbGlkZXNob3ciOiIyNmMzZTVkMSJ9\" href='https:\/\/rrdc.com.ec\/bamboogardens\/wp-content\/uploads\/2022\/03\/baja800_IMG_7150.jpg'><img loading=\"lazy\" decoding=\"async\" width=\"800\" height=\"600\" src=\"https:\/\/rrdc.com.ec\/bamboogardens\/wp-content\/uploads\/2022\/03\/baja800_IMG_7150.jpg\" class=\"attachment-full size-full\" alt=\"\" aria-describedby=\"gallery-1-1516\" srcset=\"https:\/\/rrdc.com.ec\/bamboogardens\/wp-content\/uploads\/2022\/03\/baja800_IMG_7150.jpg 800w, https:\/\/rrdc.com.ec\/bamboogardens\/wp-content\/uploads\/2022\/03\/baja800_IMG_7150-300x225.jpg 300w, https:\/\/rrdc.com.ec\/bamboogardens\/wp-content\/uploads\/2022\/03\/baja800_IMG_7150-768x576.jpg 768w\" sizes=\"(max-width: 800px) 100vw, 800px\" \/><\/a>\n\t\t\t<\/div>\n\t\t\t\t<figcaption class='wp-caption-text gallery-caption' id='gallery-1-1516'>\n\t\t\t\tExcelente iluminaci\u00f3n natural\n\t\t\t\t<\/figcaption><\/figure><figure class='gallery-item'>\n\t\t\t<div class='gallery-icon landscape'>\n\t\t\t\t<a data-elementor-open-lightbox=\"yes\" data-elementor-lightbox-slideshow=\"26c3e5d1\" data-elementor-lightbox-title=\"IMG_7144\" data-e-action-hash=\"#elementor-action%3Aaction%3Dlightbox%26settings%3DeyJpZCI6MTQ5OCwidXJsIjoiaHR0cHM6XC9cL3JyZGMuY29tLmVjXC9iYW1ib29nYXJkZW5zXC93cC1jb250ZW50XC91cGxvYWRzXC8yMDIyXC8wM1wvSU1HXzcxNDQuanBnIiwic2xpZGVzaG93IjoiMjZjM2U1ZDEifQ%3D%3D\" href='https:\/\/rrdc.com.ec\/bamboogardens\/wp-content\/uploads\/2022\/03\/IMG_7144.jpg'><img loading=\"lazy\" decoding=\"async\" width=\"640\" height=\"480\" src=\"https:\/\/rrdc.com.ec\/bamboogardens\/wp-content\/uploads\/2022\/03\/IMG_7144.jpg\" class=\"attachment-full size-full\" alt=\"\" aria-describedby=\"gallery-1-1498\" srcset=\"https:\/\/rrdc.com.ec\/bamboogardens\/wp-content\/uploads\/2022\/03\/IMG_7144.jpg 640w, https:\/\/rrdc.com.ec\/bamboogardens\/wp-content\/uploads\/2022\/03\/IMG_7144-300x225.jpg 300w\" sizes=\"(max-width: 640px) 100vw, 640px\" \/><\/a>\n\t\t\t<\/div>\n\t\t\t\t<figcaption class='wp-caption-text gallery-caption' id='gallery-1-1498'>\n\t\t\t\tDormitorio Master\n\t\t\t\t<\/figcaption><\/figure><figure class='gallery-item'>\n\t\t\t<div class='gallery-icon landscape'>\n\t\t\t\t<a data-elementor-open-lightbox=\"yes\" data-elementor-lightbox-slideshow=\"26c3e5d1\" data-elementor-lightbox-title=\"IMG_7146\" data-e-action-hash=\"#elementor-action%3Aaction%3Dlightbox%26settings%3DeyJpZCI6MTQ5OSwidXJsIjoiaHR0cHM6XC9cL3JyZGMuY29tLmVjXC9iYW1ib29nYXJkZW5zXC93cC1jb250ZW50XC91cGxvYWRzXC8yMDIyXC8wM1wvSU1HXzcxNDYuanBnIiwic2xpZGVzaG93IjoiMjZjM2U1ZDEifQ%3D%3D\" href='https:\/\/rrdc.com.ec\/bamboogardens\/wp-content\/uploads\/2022\/03\/IMG_7146.jpg'><img loading=\"lazy\" decoding=\"async\" width=\"640\" height=\"480\" src=\"https:\/\/rrdc.com.ec\/bamboogardens\/wp-content\/uploads\/2022\/03\/IMG_7146.jpg\" class=\"attachment-full size-full\" alt=\"\" aria-describedby=\"gallery-1-1499\" srcset=\"https:\/\/rrdc.com.ec\/bamboogardens\/wp-content\/uploads\/2022\/03\/IMG_7146.jpg 640w, https:\/\/rrdc.com.ec\/bamboogardens\/wp-content\/uploads\/2022\/03\/IMG_7146-300x225.jpg 300w\" sizes=\"(max-width: 640px) 100vw, 640px\" \/><\/a>\n\t\t\t<\/div>\n\t\t\t\t<figcaption class='wp-caption-text gallery-caption' id='gallery-1-1499'>\n\t\t\t\tBa\u00f1o Master\n\t\t\t\t<\/figcaption><\/figure><figure class='gallery-item'>\n\t\t\t<div class='gallery-icon portrait'>\n\t\t\t\t<a data-elementor-open-lightbox=\"yes\" data-elementor-lightbox-slideshow=\"26c3e5d1\" data-elementor-lightbox-title=\"606dc697-be7e-4688-ad5f-cb190797435e\" data-e-action-hash=\"#elementor-action%3Aaction%3Dlightbox%26settings%3DeyJpZCI6MTUwNywidXJsIjoiaHR0cHM6XC9cL3JyZGMuY29tLmVjXC9iYW1ib29nYXJkZW5zXC93cC1jb250ZW50XC91cGxvYWRzXC8yMDIyXC8wM1wvNjA2ZGM2OTctYmU3ZS00Njg4LWFkNWYtY2IxOTA3OTc0MzVlLmpwZyIsInNsaWRlc2hvdyI6IjI2YzNlNWQxIn0%3D\" href='https:\/\/rrdc.com.ec\/bamboogardens\/wp-content\/uploads\/2022\/03\/606dc697-be7e-4688-ad5f-cb190797435e.jpg'><img loading=\"lazy\" decoding=\"async\" width=\"960\" height=\"1280\" src=\"https:\/\/rrdc.com.ec\/bamboogardens\/wp-content\/uploads\/2022\/03\/606dc697-be7e-4688-ad5f-cb190797435e.jpg\" class=\"attachment-full size-full\" alt=\"\" aria-describedby=\"gallery-1-1507\" srcset=\"https:\/\/rrdc.com.ec\/bamboogardens\/wp-content\/uploads\/2022\/03\/606dc697-be7e-4688-ad5f-cb190797435e.jpg 960w, https:\/\/rrdc.com.ec\/bamboogardens\/wp-content\/uploads\/2022\/03\/606dc697-be7e-4688-ad5f-cb190797435e-225x300.jpg 225w, https:\/\/rrdc.com.ec\/bamboogardens\/wp-content\/uploads\/2022\/03\/606dc697-be7e-4688-ad5f-cb190797435e-768x1024.jpg 768w\" sizes=\"(max-width: 960px) 100vw, 960px\" \/><\/a>\n\t\t\t<\/div>\n\t\t\t\t<figcaption class='wp-caption-text gallery-caption' id='gallery-1-1507'>\n\t\t\t\tDormitorio 2\n\t\t\t\t<\/figcaption><\/figure><figure class='gallery-item'>\n\t\t\t<div class='gallery-icon portrait'>\n\t\t\t\t<a data-elementor-open-lightbox=\"yes\" data-elementor-lightbox-slideshow=\"26c3e5d1\" data-elementor-lightbox-title=\"4cc7e730-ab19-429c-a4a3-574236637a9d\" data-e-action-hash=\"#elementor-action%3Aaction%3Dlightbox%26settings%3DeyJpZCI6MTUwOCwidXJsIjoiaHR0cHM6XC9cL3JyZGMuY29tLmVjXC9iYW1ib29nYXJkZW5zXC93cC1jb250ZW50XC91cGxvYWRzXC8yMDIyXC8wM1wvNGNjN2U3MzAtYWIxOS00MjljLWE0YTMtNTc0MjM2NjM3YTlkLmpwZyIsInNsaWRlc2hvdyI6IjI2YzNlNWQxIn0%3D\" href='https:\/\/rrdc.com.ec\/bamboogardens\/wp-content\/uploads\/2022\/03\/4cc7e730-ab19-429c-a4a3-574236637a9d.jpg'><img loading=\"lazy\" decoding=\"async\" width=\"960\" height=\"1280\" src=\"https:\/\/rrdc.com.ec\/bamboogardens\/wp-content\/uploads\/2022\/03\/4cc7e730-ab19-429c-a4a3-574236637a9d.jpg\" class=\"attachment-full size-full\" alt=\"\" aria-describedby=\"gallery-1-1508\" srcset=\"https:\/\/rrdc.com.ec\/bamboogardens\/wp-content\/uploads\/2022\/03\/4cc7e730-ab19-429c-a4a3-574236637a9d.jpg 960w, https:\/\/rrdc.com.ec\/bamboogardens\/wp-content\/uploads\/2022\/03\/4cc7e730-ab19-429c-a4a3-574236637a9d-225x300.jpg 225w, https:\/\/rrdc.com.ec\/bamboogardens\/wp-content\/uploads\/2022\/03\/4cc7e730-ab19-429c-a4a3-574236637a9d-768x1024.jpg 768w\" sizes=\"(max-width: 960px) 100vw, 960px\" \/><\/a>\n\t\t\t<\/div>\n\t\t\t\t<figcaption class='wp-caption-text gallery-caption' id='gallery-1-1508'>\n\t\t\t\tDormitorio 3\n\t\t\t\t<\/figcaption><\/figure><figure class='gallery-item'>\n\t\t\t<div class='gallery-icon portrait'>\n\t\t\t\t<a data-elementor-open-lightbox=\"yes\" data-elementor-lightbox-slideshow=\"26c3e5d1\" data-elementor-lightbox-title=\"IMG_7143\" data-e-action-hash=\"#elementor-action%3Aaction%3Dlightbox%26settings%3DeyJpZCI6MTQ5MywidXJsIjoiaHR0cHM6XC9cL3JyZGMuY29tLmVjXC9iYW1ib29nYXJkZW5zXC93cC1jb250ZW50XC91cGxvYWRzXC8yMDIyXC8wM1wvSU1HXzcxNDMtcm90YXRlZC5qcGciLCJzbGlkZXNob3ciOiIyNmMzZTVkMSJ9\" href='https:\/\/rrdc.com.ec\/bamboogardens\/wp-content\/uploads\/2022\/03\/IMG_7143-rotated.jpg'><img loading=\"lazy\" decoding=\"async\" width=\"480\" height=\"640\" src=\"https:\/\/rrdc.com.ec\/bamboogardens\/wp-content\/uploads\/2022\/03\/IMG_7143-rotated.jpg\" class=\"attachment-full size-full\" alt=\"\" aria-describedby=\"gallery-1-1493\" srcset=\"https:\/\/rrdc.com.ec\/bamboogardens\/wp-content\/uploads\/2022\/03\/IMG_7143-rotated.jpg 480w, https:\/\/rrdc.com.ec\/bamboogardens\/wp-content\/uploads\/2022\/03\/IMG_7143-225x300.jpg 225w\" sizes=\"(max-width: 480px) 100vw, 480px\" \/><\/a>\n\t\t\t<\/div>\n\t\t\t\t<figcaption class='wp-caption-text gallery-caption' id='gallery-1-1493'>\n\t\t\t\t\u00c1rea de Estudio para Teletrabajo\n\t\t\t\t<\/figcaption><\/figure>\n\t\t<\/div>\n\t\t<\/div>\n\t\t\t\t\t\t<\/div>\n\t\t\t\t<\/div>\n\t\t\t\t<div class=\"elementor-element elementor-element-ccb5fcd elementor-widget elementor-widget-spacer\" data-id=\"ccb5fcd\" data-element_type=\"widget\" data-e-type=\"widget\" data-widget_type=\"spacer.default\">\n\t\t\t\t<div class=\"elementor-widget-container\">\n\t\t\t\t\t\t\t<div class=\"elementor-spacer\">\n\t\t\t<div class=\"elementor-spacer-inner\"><\/div>\n\t\t<\/div>\n\t\t\t\t\t\t<\/div>\n\t\t\t\t<\/div>\n\t\t\t\t<section class=\"elementor-section elementor-inner-section elementor-element elementor-element-18b2dfc elementor-section-boxed elementor-section-height-default elementor-section-height-default\" data-id=\"18b2dfc\" data-element_type=\"section\" data-e-type=\"section\">\n\t\t\t\t\t\t<div class=\"elementor-container elementor-column-gap-default\">\n\t\t\t\t\t<div class=\"elementor-column elementor-col-100 elementor-inner-column elementor-element elementor-element-0d81820\" data-id=\"0d81820\" data-element_type=\"column\" data-e-type=\"column\">\n\t\t\t<div class=\"elementor-widget-wrap elementor-element-populated\">\n\t\t\t\t\t\t<div class=\"elementor-element elementor-element-0fbc6bc elementor-widget elementor-widget-spacer\" data-id=\"0fbc6bc\" data-element_type=\"widget\" data-e-type=\"widget\" data-widget_type=\"spacer.default\">\n\t\t\t\t<div class=\"elementor-widget-container\">\n\t\t\t\t\t\t\t<div class=\"elementor-spacer\">\n\t\t\t<div class=\"elementor-spacer-inner\"><\/div>\n\t\t<\/div>\n\t\t\t\t\t\t<\/div>\n\t\t\t\t<\/div>\n\t\t\t\t\t<\/div>\n\t\t<\/div>\n\t\t\t\t\t<\/div>\n\t\t<\/section>\n\t\t\t\t<div class=\"elementor-element elementor-element-4f71638 elementor-widget elementor-widget-video\" data-id=\"4f71638\" data-element_type=\"widget\" data-e-type=\"widget\" data-settings=\"{&quot;video_type&quot;:&quot;hosted&quot;,&quot;controls&quot;:&quot;yes&quot;}\" data-widget_type=\"video.default\">\n\t\t\t\t<div class=\"elementor-widget-container\">\n\t\t\t\t\t\t\t<div class=\"e-hosted-video elementor-wrapper elementor-open-inline\">\n\t\t\t\t\t<video class=\"elementor-video\" src=\"https:\/\/rrdc.com.ec\/bamboogardens\/wp-content\/uploads\/2022\/03\/VIDEO-RECORRIDO.mp4\" controls=\"\" preload=\"metadata\" controlsList=\"nodownload\"><\/video>\n\t\t\t\t<\/div>\n\t\t\t\t\t\t<\/div>\n\t\t\t\t<\/div>\n\t\t\t\t\t<\/div>\n\t\t<\/div>\n\t\t\t\t\t<\/div>\n\t\t<\/section>\n\t\t\t\t<section class=\"elementor-section elementor-top-section elementor-element elementor-element-57c6787 elementor-section-full_width elementor-section-content-middle elementor-section-height-default elementor-section-height-default\" data-id=\"57c6787\" data-element_type=\"section\" data-e-type=\"section\">\n\t\t\t\t\t\t<div class=\"elementor-container elementor-column-gap-no\">\n\t\t\t\t\t<div class=\"elementor-column elementor-col-100 elementor-top-column elementor-element elementor-element-37b58b2\" data-id=\"37b58b2\" data-element_type=\"column\" data-e-type=\"column\">\n\t\t\t<div class=\"elementor-widget-wrap elementor-element-populated\">\n\t\t\t\t\t\t<div class=\"elementor-element elementor-element-101ebd2 elementor-widget elementor-widget-spacer\" data-id=\"101ebd2\" data-element_type=\"widget\" data-e-type=\"widget\" data-widget_type=\"spacer.default\">\n\t\t\t\t<div class=\"elementor-widget-container\">\n\t\t\t\t\t\t\t<div class=\"elementor-spacer\">\n\t\t\t<div class=\"elementor-spacer-inner\"><\/div>\n\t\t<\/div>\n\t\t\t\t\t\t<\/div>\n\t\t\t\t<\/div>\n\t\t\t\t<section class=\"elementor-section elementor-inner-section elementor-element elementor-element-2137ddd elementor-section-boxed elementor-section-height-default elementor-section-height-default\" data-id=\"2137ddd\" data-element_type=\"section\" data-e-type=\"section\">\n\t\t\t\t\t\t<div class=\"elementor-container elementor-column-gap-default\">\n\t\t\t\t\t<div class=\"elementor-column elementor-col-100 elementor-inner-column elementor-element elementor-element-60d72eb\" data-id=\"60d72eb\" data-element_type=\"column\" data-e-type=\"column\">\n\t\t\t<div class=\"elementor-widget-wrap elementor-element-populated\">\n\t\t\t\t\t\t<div class=\"elementor-element elementor-element-f74db96 elementor-widget elementor-widget-image\" data-id=\"f74db96\" data-element_type=\"widget\" data-e-type=\"widget\" data-widget_type=\"image.default\">\n\t\t\t\t<div class=\"elementor-widget-container\">\n\t\t\t\t\t\t\t\t\t\t\t\t\t\t\t<img decoding=\"async\" src=\"https:\/\/rrdc.com.ec\/bamboogardens\/wp-content\/uploads\/2022\/03\/web_1PDF-PLANOS-PLANTAS-SIN-COTAS-BAMBOO-GARDENS-2.jpg\" title=\"\" alt=\"\" loading=\"lazy\" \/>\t\t\t\t\t\t\t\t\t\t\t\t\t\t\t<\/div>\n\t\t\t\t<\/div>\n\t\t\t\t<div class=\"elementor-element elementor-element-b173b44 elementor-widget elementor-widget-spacer\" data-id=\"b173b44\" data-element_type=\"widget\" data-e-type=\"widget\" data-widget_type=\"spacer.default\">\n\t\t\t\t<div class=\"elementor-widget-container\">\n\t\t\t\t\t\t\t<div class=\"elementor-spacer\">\n\t\t\t<div class=\"elementor-spacer-inner\"><\/div>\n\t\t<\/div>\n\t\t\t\t\t\t<\/div>\n\t\t\t\t<\/div>\n\t\t\t\t\t<\/div>\n\t\t<\/div>\n\t\t\t\t\t<\/div>\n\t\t<\/section>\n\t\t\t\t\t<\/div>\n\t\t<\/div>\n\t\t\t\t\t<\/div>\n\t\t<\/section>\n\t\t\t\t<\/div>\n\t\t","protected":false},"excerpt":{"rendered":"<p>visita la casa modelo Te esperamos Haz un recorrido por sus c\u00f3modos ambientes Estructura sismo &#8211; resistente Cielos razos de gypsum Pisos de cer\u00e1mica en \u00e1reas sociales, cocina, halls, gradas, dormitorios y ba\u00f1os Grifer\u00eda para lavaplatos, lavamanos, y duchas marca Edesa o similar Muebles de cocina y cl\u00f3sets en dise\u00f1os vanguardistas Instalaciones de agua fr\u00eda &hellip;<\/p>\n<p class=\"read-more\"> <a class=\"\" href=\"https:\/\/rrdc.com.ec\/bamboogardens\/modelo\/\"> <span class=\"screen-reader-text\">Casa Modelo<\/span> Read More &raquo;<\/a><\/p>\n","protected":false},"author":1,"featured_media":0,"parent":0,"menu_order":0,"comment_status":"closed","ping_status":"closed","template":"","meta":{"footnotes":""},"class_list":["post-624","page","type-page","status-publish","hentry"],"_links":{"self":[{"href":"https:\/\/rrdc.com.ec\/bamboogardens\/wp-json\/wp\/v2\/pages\/624","targetHints":{"allow":["GET"]}}],"collection":[{"href":"https:\/\/rrdc.com.ec\/bamboogardens\/wp-json\/wp\/v2\/pages"}],"about":[{"href":"https:\/\/rrdc.com.ec\/bamboogardens\/wp-json\/wp\/v2\/types\/page"}],"author":[{"embeddable":true,"href":"https:\/\/rrdc.com.ec\/bamboogardens\/wp-json\/wp\/v2\/users\/1"}],"replies":[{"embeddable":true,"href":"https:\/\/rrdc.com.ec\/bamboogardens\/wp-json\/wp\/v2\/comments?post=624"}],"version-history":[{"count":5,"href":"https:\/\/rrdc.com.ec\/bamboogardens\/wp-json\/wp\/v2\/pages\/624\/revisions"}],"predecessor-version":[{"id":1714,"href":"https:\/\/rrdc.com.ec\/bamboogardens\/wp-json\/wp\/v2\/pages\/624\/revisions\/1714"}],"wp:attachment":[{"href":"https:\/\/rrdc.com.ec\/bamboogardens\/wp-json\/wp\/v2\/media?parent=624"}],"curies":[{"name":"wp","href":"https:\/\/api.w.org\/{rel}","templated":true}]}}